{"id":29,"date":"2014-06-11T22:56:27","date_gmt":"2014-06-11T21:56:27","guid":{"rendered":"http:\/\/www.lesamisderiba.fr\/?page_id=29"},"modified":"2016-05-16T13:03:08","modified_gmt":"2016-05-16T12:03:08","slug":"lassociation","status":"publish","type":"page","link":"http:\/\/www.lesamisderiba.fr\/?page_id=29","title":{"rendered":"L&rsquo;association"},"content":{"rendered":"<p><strong>Le but de l\u2019association :<\/strong><\/p>\n<ul>\n<li>promouvoir notre passion pour la marque de caravane \u00ab ERIBA \u00bb par une pr\u00e9sence sur internet ou support de presse.<\/li>\n<\/ul>\n<ul>\n<li>permettre aux adh\u00e9rents d&rsquo;\u00e9changer les infos techniques concernant nos caravanes Eriba, nos voyages, sur l&rsquo;organisation de nos rassemblements toute l&rsquo;ann\u00e9e au travers d&rsquo;un forum, qui leur est r\u00e9serv\u00e9.<\/li>\n<\/ul>\n<ul>\n<li>se rencontrer lors des rassemblements et de moments conviviaux que nous organisons&#8230;<\/li>\n<li>la cr\u00e9ation de goodies (teeshirts, autocollants, porte-clefs etc&#8230;).<\/li>\n<\/ul>\n<hr \/>\n<p><span style=\"color: #ff0000;\">Il n&rsquo;est pas dans les statuts de notre association de relayer sur ce site internet la publication d&rsquo;annonces de vente de pi\u00e8ces d\u00e9tach\u00e9es ou de vente de caravanes ERIBA. Vous devez vous adresser aux sites de vente pr\u00e9vus \u00e0 cet effet sur internet.<\/span><\/p>\n<p>&nbsp;<\/p>\n<p>&nbsp;<\/p>\n","protected":false},"excerpt":{"rendered":"<p>Le but de l\u2019association : promouvoir notre passion pour la marque de caravane \u00ab ERIBA \u00bb par une pr\u00e9sence sur internet ou support de presse. permettre aux adh\u00e9rents d&rsquo;\u00e9changer les infos techniques concernant nos caravanes Eriba, nos voyages, sur l&rsquo;organisation &hellip; <a class=\"more-link\" href=\"http:\/\/www.lesamisderiba.fr\/?page_id=29\">Lire la suite <span class=\"meta-nav\">&rarr;<\/span><\/a><\/p>\n","protected":false},"author":1,"featured_media":0,"parent":0,"menu_order":0,"comment_status":"closed","ping_status":"closed","template":"","meta":{"footnotes":""},"class_list":["post-29","page","type-page","status-publish","hentry"],"aioseo_notices":[],"_links":{"self":[{"href":"http:\/\/www.lesamisderiba.fr\/index.php?rest_route=\/wp\/v2\/pages\/29","targetHints":{"allow":["GET"]}}],"collection":[{"href":"http:\/\/www.lesamisderiba.fr\/index.php?rest_route=\/wp\/v2\/pages"}],"about":[{"href":"http:\/\/www.lesamisderiba.fr\/index.php?rest_route=\/wp\/v2\/types\/page"}],"author":[{"embeddable":true,"href":"http:\/\/www.lesamisderiba.fr\/index.php?rest_route=\/wp\/v2\/users\/1"}],"replies":[{"embeddable":true,"href":"http:\/\/www.lesamisderiba.fr\/index.php?rest_route=%2Fwp%2Fv2%2Fcomments&post=29"}],"version-history":[{"count":21,"href":"http:\/\/www.lesamisderiba.fr\/index.php?rest_route=\/wp\/v2\/pages\/29\/revisions"}],"predecessor-version":[{"id":280,"href":"http:\/\/www.lesamisderiba.fr\/index.php?rest_route=\/wp\/v2\/pages\/29\/revisions\/280"}],"wp:attachment":[{"href":"http:\/\/www.lesamisderiba.fr\/index.php?rest_route=%2Fwp%2Fv2%2Fmedia&parent=29"}],"curies":[{"name":"wp","href":"https:\/\/api.w.org\/{rel}","templated":true}]}}